{"id":1795,"date":"2024-05-19T10:48:57","date_gmt":"2024-05-19T13:48:57","guid":{"rendered":"https:\/\/neptuniaboats.es\/?page_id=1795"},"modified":"2024-05-19T15:32:52","modified_gmt":"2024-05-19T18:32:52","slug":"aviso-legal","status":"publish","type":"page","link":"https:\/\/neptuniaboats.es\/en\/aviso-legal\/","title":{"rendered":"Legal warning"},"content":{"rendered":"<div data-elementor-type=\"wp-page\" data-elementor-id=\"1795\" class=\"elementor elementor-1795\">\n\t\t\t\t<div class=\"elementor-element elementor-element-34fd307 e-flex e-con-boxed e-con e-parent\" data-id=\"34fd307\" data-element_type=\"container\" data-e-type=\"container\">\n\t\t\t\t\t<div class=\"e-con-inner\">\n\t\t\t\t<div class=\"elementor-element elementor-element-7312b28 elementor-widget elementor-widget-heading\" data-id=\"7312b28\" data-element_type=\"widget\" data-e-type=\"widget\" data-widget_type=\"heading.default\">\n\t\t\t\t<div class=\"elementor-widget-container\">\n\t\t\t\t\t<h2 class=\"elementor-heading-title elementor-size-default\">Legal warning<\/h2>\t\t\t\t<\/div>\n\t\t\t\t<\/div>\n\t\t\t\t\t<\/div>\n\t\t\t\t<\/div>\n\t\t<div class=\"elementor-element elementor-element-102772c e-flex e-con-boxed e-con e-parent\" data-id=\"102772c\" data-element_type=\"container\" data-e-type=\"container\">\n\t\t\t\t\t<div class=\"e-con-inner\">\n\t\t\t\t<div class=\"elementor-element elementor-element-de29405 elementor-widget elementor-widget-text-editor\" data-id=\"de29405\" data-element_type=\"widget\" data-e-type=\"widget\" data-widget_type=\"text-editor.default\">\n\t\t\t\t<div class=\"elementor-widget-container\">\n\t\t\t\t\t\t\t\t\t<p style=\"text-align: center;\">In compliance with the legal obligation established in Law 34\/2002, of July 11, on Information Society Services and Electronic Commerce, we inform you of the following.<\/p><p style=\"text-align: center;\"><span style=\"color: #000000;\">RESPONSIBILITY FOR CONTENTS AND EXCLUSION OF WARRANTIES AND LIABILITIES<\/span><br \/>Our website is not responsible for the legality of other third-party websites from which it can be accessed, nor of those that may be linked, accessible or linked from our website.<\/p><p style=\"text-align: center;\">It reserves the right to make changes to the website without prior notice, in order to keep its information updated, adding, modifying, correcting or eliminating the published content or the design of the website.<\/p><p style=\"text-align: center;\">Our website is not responsible for any damages that may be caused by the interruption or malfunction of this website and its services, and is committed to restoring the website as quickly as possible when technical and human resources allow it. , nor for any damages that may be caused by computer viruses or other malicious programs, among others.<\/p><p style=\"text-align: center;\"><span style=\"color: #000000;\">INTELLECTUAL AND INDUSTRIAL PROPERTY<\/span><br \/>Total or partial reproduction of the content published on our website is prohibited. All rights to our website are reserved, as well as its contents, brands, logos, structure, design, color combinations, titles, images, videos, audio, software, text, etc., and total or total reproduction is prohibited. partial of any content without prior authorization from the person responsible for this website.<\/p><p style=\"text-align: center;\"><span style=\"color: #000000;\">APPLICABLE LAW<\/span><\/p><p style=\"text-align: center;\">The applicable law in the event of a dispute or conflict of interpretation of the terms that make up this legal notice, as well as any issue related to the services of this portal, will be Spanish law, and specifically the jurisdiction will belong to the courts of Teruel, Spain. .<\/p>\t\t\t\t\t\t\t\t<\/div>\n\t\t\t\t<\/div>\n\t\t\t\t\t<\/div>\n\t\t\t\t<\/div>\n\t\t\t\t<\/div>","protected":false},"excerpt":{"rendered":"<p>Aviso Legal En cumplimiento de la obligaci\u00f3n legal establecida en la Ley 34\/2002, de 11 de julio, de Servicios de la Sociedad de la Informaci\u00f3n y de Comercio Electr\u00f3nico, le informamos de lo siguiente. RESPONSABILIDAD DE LOS CONTENIDOS Y EXCLUSI\u00d3N DE GARANT\u00cdAS Y RESPONSABILIDADESNuestra p\u00e1gina web no responde por la legalidad de otros sitios web [&hellip;]<\/p>\n","protected":false},"author":1,"featured_media":0,"parent":0,"menu_order":0,"comment_status":"closed","ping_status":"open","template":"","meta":{"site-sidebar-layout":"no-sidebar","site-content-layout":"page-builder","ast-site-content-layout":"full-width-container","site-content-style":"default","site-sidebar-style":"default","ast-global-header-display":"","ast-banner-title-visibility":"","ast-main-header-display":"","ast-hfb-above-header-display":"","ast-hfb-below-header-display":"","ast-hfb-mobile-header-display":"","site-post-title":"disabled","ast-breadcrumbs-content":"","ast-featured-img":"disabled","footer-sml-layout":"","ast-disable-related-posts":"","theme-transparent-header-meta":"","adv-header-id-meta":"","stick-header-meta":"","header-above-stick-meta":"","header-main-stick-meta":"","header-below-stick-meta":"","astra-migrate-meta-layouts":"set","ast-page-background-enabled":"default","ast-page-background-meta":{"desktop":{"background-color":"","background-image":"","background-repeat":"repeat","background-position":"center center","background-size":"auto","background-attachment":"scroll","background-type":"","background-media":"","overlay-type":"","overlay-color":"","overlay-opacity":"","overlay-gradient":""},"tablet":{"background-color":"","background-image":"","background-repeat":"repeat","background-position":"center center","background-size":"auto","background-attachment":"scroll","background-type":"","background-media":"","overlay-type":"","overlay-color":"","overlay-opacity":"","overlay-gradient":""},"mobile":{"background-color":"","background-image":"","background-repeat":"repeat","background-position":"center center","background-size":"auto","background-attachment":"scroll","background-type":"","background-media":"","overlay-type":"","overlay-color":"","overlay-opacity":"","overlay-gradient":""}},"ast-content-background-meta":{"desktop":{"background-color":"var(--ast-global-color-5)","background-image":"","background-repeat":"repeat","background-position":"center center","background-size":"auto","background-attachment":"scroll","background-type":"","background-media":"","overlay-type":"","overlay-color":"","overlay-opacity":"","overlay-gradient":""},"tablet":{"background-color":"var(--ast-global-color-5)","background-image":"","background-repeat":"repeat","background-position":"center center","background-size":"auto","background-attachment":"scroll","background-type":"","background-media":"","overlay-type":"","overlay-color":"","overlay-opacity":"","overlay-gradient":""},"mobile":{"background-color":"var(--ast-global-color-5)","background-image":"","background-repeat":"repeat","background-position":"center center","background-size":"auto","background-attachment":"scroll","background-type":"","background-media":"","overlay-type":"","overlay-color":"","overlay-opacity":"","overlay-gradient":""}},"footnotes":""},"class_list":["post-1795","page","type-page","status-publish","hentry"],"yoast_head":"<!-- This site is optimized with the Yoast SEO Premium plugin v22.6 (Yoast SEO v27.5) - https:\/\/yoast.com\/product\/yoast-seo-premium-wordpress\/ -->\n<title>Aviso Legal - Neptunia Boats<\/title>\n<meta name=\"robots\" content=\"index, follow, max-snippet:-1, max-image-preview:large, max-video-preview:-1\" \/>\n<link rel=\"canonical\" href=\"https:\/\/neptuniaboats.es\/en\/aviso-legal\/\" \/>\n<meta property=\"og:locale\" content=\"en_US\" \/>\n<meta property=\"og:type\" content=\"article\" \/>\n<meta property=\"og:title\" content=\"Aviso Legal\" \/>\n<meta property=\"og:description\" content=\"Aviso Legal En cumplimiento de la obligaci\u00f3n legal establecida en la Ley 34\/2002, de 11 de julio, de Servicios de la Sociedad de la Informaci\u00f3n y de Comercio Electr\u00f3nico, le informamos de lo siguiente. RESPONSABILIDAD DE LOS CONTENIDOS Y EXCLUSI\u00d3N DE GARANT\u00cdAS Y RESPONSABILIDADESNuestra p\u00e1gina web no responde por la legalidad de otros sitios web [&hellip;]\" \/>\n<meta property=\"og:url\" content=\"https:\/\/neptuniaboats.es\/en\/aviso-legal\/\" \/>\n<meta property=\"og:site_name\" content=\"Neptunia Boats\" \/>\n<meta property=\"article:publisher\" content=\"https:\/\/www.facebook.com\/p\/Neptunia-Boats-61550022435984\/\" \/>\n<meta property=\"article:modified_time\" content=\"2024-05-19T18:32:52+00:00\" \/>\n<meta name=\"twitter:card\" content=\"summary_large_image\" \/>\n<meta name=\"twitter:label1\" content=\"Est. reading time\" \/>\n\t<meta name=\"twitter:data1\" content=\"2 minutes\" \/>\n<script type=\"application\/ld+json\" class=\"yoast-schema-graph\">{\"@context\":\"https:\\\/\\\/schema.org\",\"@graph\":[{\"@type\":\"WebPage\",\"@id\":\"https:\\\/\\\/neptuniaboats.es\\\/aviso-legal\\\/\",\"url\":\"https:\\\/\\\/neptuniaboats.es\\\/aviso-legal\\\/\",\"name\":\"Aviso Legal - Neptunia Boats\",\"isPartOf\":{\"@id\":\"https:\\\/\\\/neptuniaboats.es\\\/#website\"},\"datePublished\":\"2024-05-19T13:48:57+00:00\",\"dateModified\":\"2024-05-19T18:32:52+00:00\",\"breadcrumb\":{\"@id\":\"https:\\\/\\\/neptuniaboats.es\\\/aviso-legal\\\/#breadcrumb\"},\"inLanguage\":\"en-US\",\"potentialAction\":[{\"@type\":\"ReadAction\",\"target\":[\"https:\\\/\\\/neptuniaboats.es\\\/aviso-legal\\\/\"]}]},{\"@type\":\"BreadcrumbList\",\"@id\":\"https:\\\/\\\/neptuniaboats.es\\\/aviso-legal\\\/#breadcrumb\",\"itemListElement\":[{\"@type\":\"ListItem\",\"position\":1,\"name\":\"Inicio\",\"item\":\"https:\\\/\\\/neptuniaboats.es\\\/\"},{\"@type\":\"ListItem\",\"position\":2,\"name\":\"Aviso Legal\"}]},{\"@type\":\"WebSite\",\"@id\":\"https:\\\/\\\/neptuniaboats.es\\\/#website\",\"url\":\"https:\\\/\\\/neptuniaboats.es\\\/\",\"name\":\"Neptunia Boats\",\"description\":\"\",\"publisher\":{\"@id\":\"https:\\\/\\\/neptuniaboats.es\\\/#organization\"},\"potentialAction\":[{\"@type\":\"SearchAction\",\"target\":{\"@type\":\"EntryPoint\",\"urlTemplate\":\"https:\\\/\\\/neptuniaboats.es\\\/?s={search_term_string}\"},\"query-input\":{\"@type\":\"PropertyValueSpecification\",\"valueRequired\":true,\"valueName\":\"search_term_string\"}}],\"inLanguage\":\"en-US\"},{\"@type\":\"Organization\",\"@id\":\"https:\\\/\\\/neptuniaboats.es\\\/#organization\",\"name\":\"Neptunia Boats\",\"url\":\"https:\\\/\\\/neptuniaboats.es\\\/\",\"logo\":{\"@type\":\"ImageObject\",\"inLanguage\":\"en-US\",\"@id\":\"https:\\\/\\\/neptuniaboats.es\\\/#\\\/schema\\\/logo\\\/image\\\/\",\"url\":\"https:\\\/\\\/neptuniaboats.es\\\/wp-content\\\/uploads\\\/2024\\\/05\\\/cropped-neptuniaboats-logo.png\",\"contentUrl\":\"https:\\\/\\\/neptuniaboats.es\\\/wp-content\\\/uploads\\\/2024\\\/05\\\/cropped-neptuniaboats-logo.png\",\"width\":846,\"height\":669,\"caption\":\"Neptunia Boats\"},\"image\":{\"@id\":\"https:\\\/\\\/neptuniaboats.es\\\/#\\\/schema\\\/logo\\\/image\\\/\"},\"sameAs\":[\"https:\\\/\\\/www.facebook.com\\\/p\\\/Neptunia-Boats-61550022435984\\\/\"]}]}<\/script>\n<!-- \/ Yoast SEO Premium plugin. -->","yoast_head_json":{"title":"Aviso Legal - Neptunia Boats","robots":{"index":"index","follow":"follow","max-snippet":"max-snippet:-1","max-image-preview":"max-image-preview:large","max-video-preview":"max-video-preview:-1"},"canonical":"https:\/\/neptuniaboats.es\/en\/aviso-legal\/","og_locale":"en_US","og_type":"article","og_title":"Aviso Legal","og_description":"Aviso Legal En cumplimiento de la obligaci\u00f3n legal establecida en la Ley 34\/2002, de 11 de julio, de Servicios de la Sociedad de la Informaci\u00f3n y de Comercio Electr\u00f3nico, le informamos de lo siguiente. RESPONSABILIDAD DE LOS CONTENIDOS Y EXCLUSI\u00d3N DE GARANT\u00cdAS Y RESPONSABILIDADESNuestra p\u00e1gina web no responde por la legalidad de otros sitios web [&hellip;]","og_url":"https:\/\/neptuniaboats.es\/en\/aviso-legal\/","og_site_name":"Neptunia Boats","article_publisher":"https:\/\/www.facebook.com\/p\/Neptunia-Boats-61550022435984\/","article_modified_time":"2024-05-19T18:32:52+00:00","twitter_card":"summary_large_image","twitter_misc":{"Est. reading time":"2 minutes"},"schema":{"@context":"https:\/\/schema.org","@graph":[{"@type":"WebPage","@id":"https:\/\/neptuniaboats.es\/aviso-legal\/","url":"https:\/\/neptuniaboats.es\/aviso-legal\/","name":"Aviso Legal - Neptunia Boats","isPartOf":{"@id":"https:\/\/neptuniaboats.es\/#website"},"datePublished":"2024-05-19T13:48:57+00:00","dateModified":"2024-05-19T18:32:52+00:00","breadcrumb":{"@id":"https:\/\/neptuniaboats.es\/aviso-legal\/#breadcrumb"},"inLanguage":"en-US","potentialAction":[{"@type":"ReadAction","target":["https:\/\/neptuniaboats.es\/aviso-legal\/"]}]},{"@type":"BreadcrumbList","@id":"https:\/\/neptuniaboats.es\/aviso-legal\/#breadcrumb","itemListElement":[{"@type":"ListItem","position":1,"name":"Inicio","item":"https:\/\/neptuniaboats.es\/"},{"@type":"ListItem","position":2,"name":"Aviso Legal"}]},{"@type":"WebSite","@id":"https:\/\/neptuniaboats.es\/#website","url":"https:\/\/neptuniaboats.es\/","name":"Neptunia Boats","description":"","publisher":{"@id":"https:\/\/neptuniaboats.es\/#organization"},"potentialAction":[{"@type":"SearchAction","target":{"@type":"EntryPoint","urlTemplate":"https:\/\/neptuniaboats.es\/?s={search_term_string}"},"query-input":{"@type":"PropertyValueSpecification","valueRequired":true,"valueName":"search_term_string"}}],"inLanguage":"en-US"},{"@type":"Organization","@id":"https:\/\/neptuniaboats.es\/#organization","name":"Neptunia Boats","url":"https:\/\/neptuniaboats.es\/","logo":{"@type":"ImageObject","inLanguage":"en-US","@id":"https:\/\/neptuniaboats.es\/#\/schema\/logo\/image\/","url":"https:\/\/neptuniaboats.es\/wp-content\/uploads\/2024\/05\/cropped-neptuniaboats-logo.png","contentUrl":"https:\/\/neptuniaboats.es\/wp-content\/uploads\/2024\/05\/cropped-neptuniaboats-logo.png","width":846,"height":669,"caption":"Neptunia Boats"},"image":{"@id":"https:\/\/neptuniaboats.es\/#\/schema\/logo\/image\/"},"sameAs":["https:\/\/www.facebook.com\/p\/Neptunia-Boats-61550022435984\/"]}]}},"_links":{"self":[{"href":"https:\/\/neptuniaboats.es\/en\/wp-json\/wp\/v2\/pages\/1795","targetHints":{"allow":["GET"]}}],"collection":[{"href":"https:\/\/neptuniaboats.es\/en\/wp-json\/wp\/v2\/pages"}],"about":[{"href":"https:\/\/neptuniaboats.es\/en\/wp-json\/wp\/v2\/types\/page"}],"author":[{"embeddable":true,"href":"https:\/\/neptuniaboats.es\/en\/wp-json\/wp\/v2\/users\/1"}],"replies":[{"embeddable":true,"href":"https:\/\/neptuniaboats.es\/en\/wp-json\/wp\/v2\/comments?post=1795"}],"version-history":[{"count":4,"href":"https:\/\/neptuniaboats.es\/en\/wp-json\/wp\/v2\/pages\/1795\/revisions"}],"predecessor-version":[{"id":1902,"href":"https:\/\/neptuniaboats.es\/en\/wp-json\/wp\/v2\/pages\/1795\/revisions\/1902"}],"wp:attachment":[{"href":"https:\/\/neptuniaboats.es\/en\/wp-json\/wp\/v2\/media?parent=1795"}],"curies":[{"name":"wp","href":"https:\/\/api.w.org\/{rel}","templated":true}]}}