{"id":1801,"date":"2024-05-19T10:54:42","date_gmt":"2024-05-19T13:54:42","guid":{"rendered":"https:\/\/neptuniaboats.es\/?page_id=1801"},"modified":"2024-05-31T17:11:34","modified_gmt":"2024-05-31T20:11:34","slug":"politica-de-cookies","status":"publish","type":"page","link":"https:\/\/neptuniaboats.es\/en\/politica-de-cookies\/","title":{"rendered":"Cookies policy"},"content":{"rendered":"<div data-elementor-type=\"wp-page\" data-elementor-id=\"1801\" class=\"elementor elementor-1801\">\n\t\t\t\t<div class=\"elementor-element elementor-element-17ed3e2 e-flex e-con-boxed e-con e-parent\" data-id=\"17ed3e2\" data-element_type=\"container\" data-e-type=\"container\">\n\t\t\t\t\t<div class=\"e-con-inner\">\n\t\t\t\t<div class=\"elementor-element elementor-element-5e4c0f9 elementor-widget elementor-widget-heading\" data-id=\"5e4c0f9\" data-element_type=\"widget\" data-e-type=\"widget\" data-widget_type=\"heading.default\">\n\t\t\t\t<div class=\"elementor-widget-container\">\n\t\t\t\t\t<h2 class=\"elementor-heading-title elementor-size-default\">Cookies policy<\/h2>\t\t\t\t<\/div>\n\t\t\t\t<\/div>\n\t\t\t\t\t<\/div>\n\t\t\t\t<\/div>\n\t\t<div class=\"elementor-element elementor-element-bfceacc e-flex e-con-boxed e-con e-parent\" data-id=\"bfceacc\" data-element_type=\"container\" data-e-type=\"container\">\n\t\t\t\t\t<div class=\"e-con-inner\">\n\t\t\t\t<div class=\"elementor-element elementor-element-6af27bf elementor-widget elementor-widget-text-editor\" data-id=\"6af27bf\" data-element_type=\"widget\" data-e-type=\"widget\" data-widget_type=\"text-editor.default\">\n\t\t\t\t<div class=\"elementor-widget-container\">\n\t\t\t\t\t\t\t\t\t<div class=\"page-content\"><p style=\"text-align: center;\">De conformidad con el art\u00edculo 22 de la Ley Servicios de la Sociedad de la Informaci\u00f3n y Comercio Electr\u00f3nico (en adelante, LSSI), en relaci\u00f3n con el Reglamento (UE) 2016\/679 del Parlamento Europeo y del Consejo, de 27 de abril de 2016, General de Protecci\u00f3n de Datos (en adelante, RGPD) y la Ley Org\u00e1nica 3\/2018, de 5 de diciembre, de Protecci\u00f3n de Datos y garant\u00eda de los derechos digitales (en adelante, LOPDGDD), le informamos que en <a href=\"https:\/\/neptuniaboats.es\/en\/\">https:\/\/neptuniaboats.es\/<\/a><a id=\"m_-4208411716542430122m_-537851862529158956OWAdcd9f2be-d8b2-825a-c08e-caa1310c1b74\" href=\"http:\/\/www.neptuniaboats.com\/\" target=\"_blank\" rel=\"noreferrer noopener noreferrer\" data-saferedirecturl=\"https:\/\/www.google.com\/url?q=http:\/\/www.neptuniaboats.com\/&amp;source=gmail&amp;ust=1716216352594000&amp;usg=AOvVaw2alwE8JGRxwjNY6R-Geki1\"><\/a> , se utilizan COOKIES con el fin de identificar los ajustes y preferencias de nuestros usuarios para luego ser capaz de ajustar y mejorar el dise\u00f1o de nuestro sitio web.<\/p><p style=\"text-align: center;\">This cookie policy has been prepared in accordance with the regulations indicated above and following the guidelines and recommendations contained in the \u201cGuide on the use of cookies\u201d prepared by the Spanish Data Protection Agency, hereinafter AEPD, adapting the information contained in the same to this WEB PAGE. The purpose of this cookie policy is to inform you in a clear and detailed manner about what cookies are, what purpose they have, which ones are used on OUR WEBSITE, and to provide you with instructions and tools to disable or eliminate them. cookies.<\/p><p style=\"text-align: center;\"><span style=\"color: #000000;\">WHAT IS THE LEGITIMATION FOR THE USE OF COOKIES?<\/span><\/p><p style=\"text-align: center;\">The use of technical cookies, essential for the navigation and correct functioning of our website, will be understood as granted by the user's decision to browse and use the services offered therein. You cannot deny the use of these cookies, since without them the website would not work.<\/p><p style=\"text-align: center;\">The use of the rest of the cookies is based on the consent of the user, who must accept them when accessing our website. Said consent can be modified at any time and may be withdrawn or denied. The withdrawal of consent will take effect from the moment it occurs and will not affect the legality of the data processed previously. If you deactivate or reject cookies, you will be able to continue accessing the website, but navigation through the website may not be optimal and some of the services offered may not work correctly. If at any time you cannot access a specific service offered by our website (such as filling out a form or completing a purchase process), the failure may be related to the acceptance of additional cookies that allow the service to function. to which you intend to access. In this case, you can enable the service by accepting additional cookies.<\/p><p style=\"text-align: center;\"><span style=\"color: #000000;\">HOW CAN I MANAGE COOKIES ON THIS WEBSITE?<\/span><\/p><p style=\"text-align: center;\">You can allow, block or delete cookies installed on your device through the settings menu of your Internet browser, and you can configure it to block cookies or alert the user when a server wants to save it. The following links provide information regarding how to configure and\/or disable cookies for each of the main browsers on the market so that you can decide whether or not to accept the use of cookies.<\/p><p style=\"text-align: center;\"><span style=\"color: #000000;\">WHAT ARE MY RIGHTS?<\/span><\/p><p style=\"text-align: center;\">Data protection regulations allow you to exercise your rights of access, rectification, deletion and portability of data and opposition and limitation to its processing, as well as not to be subject to decisions based solely on the automated processing of your data. , when applicable.<\/p><p style=\"text-align: center;\">You can find information on how to exercise these rights in our Privacy Policy<\/p><p style=\"text-align: center;\"><span style=\"color: #000000;\">IS THE COOKIE POLICY OF THIS WEBSITE UPDATED? HOW CAN I KNOW THAT?<\/span><\/p><p style=\"text-align: center;\">Yes, the cookie policy may be modified to adapt it at all times to the existing legislative reality, as well as to add information to additional cookies that are executed on our website.<\/p><\/div><p style=\"text-align: center;\">\u00a0<\/p>\t\t\t\t\t\t\t\t<\/div>\n\t\t\t\t<\/div>\n\t\t\t\t\t<\/div>\n\t\t\t\t<\/div>\n\t\t\t\t<\/div>","protected":false},"excerpt":{"rendered":"<p>Pol\u00edtica de Cookies De conformidad con el art\u00edculo 22 de la Ley Servicios de la Sociedad de la Informaci\u00f3n y Comercio Electr\u00f3nico (en adelante, LSSI), en relaci\u00f3n con el Reglamento (UE) 2016\/679 del Parlamento Europeo y del Consejo, de 27 de abril de 2016, General de Protecci\u00f3n de Datos (en adelante, RGPD) y la Ley [&hellip;]<\/p>\n","protected":false},"author":1,"featured_media":0,"parent":0,"menu_order":0,"comment_status":"closed","ping_status":"closed","template":"","meta":{"site-sidebar-layout":"no-sidebar","site-content-layout":"page-builder","ast-site-content-layout":"full-width-container","site-content-style":"default","site-sidebar-style":"default","ast-global-header-display":"","ast-banner-title-visibility":"","ast-main-header-display":"","ast-hfb-above-header-display":"","ast-hfb-below-header-display":"","ast-hfb-mobile-header-display":"","site-post-title":"disabled","ast-breadcrumbs-content":"","ast-featured-img":"disabled","footer-sml-layout":"","ast-disable-related-posts":"","theme-transparent-header-meta":"","adv-header-id-meta":"","stick-header-meta":"","header-above-stick-meta":"","header-main-stick-meta":"","header-below-stick-meta":"","astra-migrate-meta-layouts":"set","ast-page-background-enabled":"default","ast-page-background-meta":{"desktop":{"background-color":"","background-image":"","background-repeat":"repeat","background-position":"center center","background-size":"auto","background-attachment":"scroll","background-type":"","background-media":"","overlay-type":"","overlay-color":"","overlay-opacity":"","overlay-gradient":""},"tablet":{"background-color":"","background-image":"","background-repeat":"repeat","background-position":"center center","background-size":"auto","background-attachment":"scroll","background-type":"","background-media":"","overlay-type":"","overlay-color":"","overlay-opacity":"","overlay-gradient":""},"mobile":{"background-color":"","background-image":"","background-repeat":"repeat","background-position":"center center","background-size":"auto","background-attachment":"scroll","background-type":"","background-media":"","overlay-type":"","overlay-color":"","overlay-opacity":"","overlay-gradient":""}},"ast-content-background-meta":{"desktop":{"background-color":"var(--ast-global-color-5)","background-image":"","background-repeat":"repeat","background-position":"center center","background-size":"auto","background-attachment":"scroll","background-type":"","background-media":"","overlay-type":"","overlay-color":"","overlay-opacity":"","overlay-gradient":""},"tablet":{"background-color":"var(--ast-global-color-5)","background-image":"","background-repeat":"repeat","background-position":"center center","background-size":"auto","background-attachment":"scroll","background-type":"","background-media":"","overlay-type":"","overlay-color":"","overlay-opacity":"","overlay-gradient":""},"mobile":{"background-color":"var(--ast-global-color-5)","background-image":"","background-repeat":"repeat","background-position":"center center","background-size":"auto","background-attachment":"scroll","background-type":"","background-media":"","overlay-type":"","overlay-color":"","overlay-opacity":"","overlay-gradient":""}},"footnotes":""},"class_list":["post-1801","page","type-page","status-publish","hentry"],"yoast_head":"<!-- This site is optimized with the Yoast SEO Premium plugin v22.6 (Yoast SEO v27.5) - https:\/\/yoast.com\/product\/yoast-seo-premium-wordpress\/ -->\n<title>Pol\u00edtica de Cookies - Neptunia Boats<\/title>\n<meta name=\"robots\" content=\"index, follow, max-snippet:-1, max-image-preview:large, max-video-preview:-1\" \/>\n<link rel=\"canonical\" href=\"https:\/\/neptuniaboats.es\/en\/politica-de-cookies\/\" \/>\n<meta property=\"og:locale\" content=\"en_US\" \/>\n<meta property=\"og:type\" content=\"article\" \/>\n<meta property=\"og:title\" content=\"Pol\u00edtica de Cookies\" \/>\n<meta property=\"og:description\" content=\"Pol\u00edtica de Cookies De conformidad con el art\u00edculo 22 de la Ley Servicios de la Sociedad de la Informaci\u00f3n y Comercio Electr\u00f3nico (en adelante, LSSI), en relaci\u00f3n con el Reglamento (UE) 2016\/679 del Parlamento Europeo y del Consejo, de 27 de abril de 2016, General de Protecci\u00f3n de Datos (en adelante, RGPD) y la Ley [&hellip;]\" \/>\n<meta property=\"og:url\" content=\"https:\/\/neptuniaboats.es\/en\/politica-de-cookies\/\" \/>\n<meta property=\"og:site_name\" content=\"Neptunia Boats\" \/>\n<meta property=\"article:publisher\" content=\"https:\/\/www.facebook.com\/p\/Neptunia-Boats-61550022435984\/\" \/>\n<meta property=\"article:modified_time\" content=\"2024-05-31T20:11:34+00:00\" \/>\n<meta name=\"twitter:card\" content=\"summary_large_image\" \/>\n<meta name=\"twitter:label1\" content=\"Est. reading time\" \/>\n\t<meta name=\"twitter:data1\" content=\"3 minutes\" \/>\n<script type=\"application\/ld+json\" class=\"yoast-schema-graph\">{\"@context\":\"https:\\\/\\\/schema.org\",\"@graph\":[{\"@type\":\"WebPage\",\"@id\":\"https:\\\/\\\/neptuniaboats.es\\\/politica-de-cookies\\\/\",\"url\":\"https:\\\/\\\/neptuniaboats.es\\\/politica-de-cookies\\\/\",\"name\":\"Pol\u00edtica de Cookies - Neptunia Boats\",\"isPartOf\":{\"@id\":\"https:\\\/\\\/neptuniaboats.es\\\/#website\"},\"datePublished\":\"2024-05-19T13:54:42+00:00\",\"dateModified\":\"2024-05-31T20:11:34+00:00\",\"breadcrumb\":{\"@id\":\"https:\\\/\\\/neptuniaboats.es\\\/politica-de-cookies\\\/#breadcrumb\"},\"inLanguage\":\"en-US\",\"potentialAction\":[{\"@type\":\"ReadAction\",\"target\":[\"https:\\\/\\\/neptuniaboats.es\\\/politica-de-cookies\\\/\"]}]},{\"@type\":\"BreadcrumbList\",\"@id\":\"https:\\\/\\\/neptuniaboats.es\\\/politica-de-cookies\\\/#breadcrumb\",\"itemListElement\":[{\"@type\":\"ListItem\",\"position\":1,\"name\":\"Inicio\",\"item\":\"https:\\\/\\\/neptuniaboats.es\\\/\"},{\"@type\":\"ListItem\",\"position\":2,\"name\":\"Pol\u00edtica de Cookies\"}]},{\"@type\":\"WebSite\",\"@id\":\"https:\\\/\\\/neptuniaboats.es\\\/#website\",\"url\":\"https:\\\/\\\/neptuniaboats.es\\\/\",\"name\":\"Neptunia Boats\",\"description\":\"\",\"publisher\":{\"@id\":\"https:\\\/\\\/neptuniaboats.es\\\/#organization\"},\"potentialAction\":[{\"@type\":\"SearchAction\",\"target\":{\"@type\":\"EntryPoint\",\"urlTemplate\":\"https:\\\/\\\/neptuniaboats.es\\\/?s={search_term_string}\"},\"query-input\":{\"@type\":\"PropertyValueSpecification\",\"valueRequired\":true,\"valueName\":\"search_term_string\"}}],\"inLanguage\":\"en-US\"},{\"@type\":\"Organization\",\"@id\":\"https:\\\/\\\/neptuniaboats.es\\\/#organization\",\"name\":\"Neptunia Boats\",\"url\":\"https:\\\/\\\/neptuniaboats.es\\\/\",\"logo\":{\"@type\":\"ImageObject\",\"inLanguage\":\"en-US\",\"@id\":\"https:\\\/\\\/neptuniaboats.es\\\/#\\\/schema\\\/logo\\\/image\\\/\",\"url\":\"https:\\\/\\\/neptuniaboats.es\\\/wp-content\\\/uploads\\\/2024\\\/05\\\/cropped-neptuniaboats-logo.png\",\"contentUrl\":\"https:\\\/\\\/neptuniaboats.es\\\/wp-content\\\/uploads\\\/2024\\\/05\\\/cropped-neptuniaboats-logo.png\",\"width\":846,\"height\":669,\"caption\":\"Neptunia Boats\"},\"image\":{\"@id\":\"https:\\\/\\\/neptuniaboats.es\\\/#\\\/schema\\\/logo\\\/image\\\/\"},\"sameAs\":[\"https:\\\/\\\/www.facebook.com\\\/p\\\/Neptunia-Boats-61550022435984\\\/\"]}]}<\/script>\n<!-- \/ Yoast SEO Premium plugin. -->","yoast_head_json":{"title":"Pol\u00edtica de Cookies - Neptunia Boats","robots":{"index":"index","follow":"follow","max-snippet":"max-snippet:-1","max-image-preview":"max-image-preview:large","max-video-preview":"max-video-preview:-1"},"canonical":"https:\/\/neptuniaboats.es\/en\/politica-de-cookies\/","og_locale":"en_US","og_type":"article","og_title":"Pol\u00edtica de Cookies","og_description":"Pol\u00edtica de Cookies De conformidad con el art\u00edculo 22 de la Ley Servicios de la Sociedad de la Informaci\u00f3n y Comercio Electr\u00f3nico (en adelante, LSSI), en relaci\u00f3n con el Reglamento (UE) 2016\/679 del Parlamento Europeo y del Consejo, de 27 de abril de 2016, General de Protecci\u00f3n de Datos (en adelante, RGPD) y la Ley [&hellip;]","og_url":"https:\/\/neptuniaboats.es\/en\/politica-de-cookies\/","og_site_name":"Neptunia Boats","article_publisher":"https:\/\/www.facebook.com\/p\/Neptunia-Boats-61550022435984\/","article_modified_time":"2024-05-31T20:11:34+00:00","twitter_card":"summary_large_image","twitter_misc":{"Est. reading time":"3 minutes"},"schema":{"@context":"https:\/\/schema.org","@graph":[{"@type":"WebPage","@id":"https:\/\/neptuniaboats.es\/politica-de-cookies\/","url":"https:\/\/neptuniaboats.es\/politica-de-cookies\/","name":"Pol\u00edtica de Cookies - Neptunia Boats","isPartOf":{"@id":"https:\/\/neptuniaboats.es\/#website"},"datePublished":"2024-05-19T13:54:42+00:00","dateModified":"2024-05-31T20:11:34+00:00","breadcrumb":{"@id":"https:\/\/neptuniaboats.es\/politica-de-cookies\/#breadcrumb"},"inLanguage":"en-US","potentialAction":[{"@type":"ReadAction","target":["https:\/\/neptuniaboats.es\/politica-de-cookies\/"]}]},{"@type":"BreadcrumbList","@id":"https:\/\/neptuniaboats.es\/politica-de-cookies\/#breadcrumb","itemListElement":[{"@type":"ListItem","position":1,"name":"Inicio","item":"https:\/\/neptuniaboats.es\/"},{"@type":"ListItem","position":2,"name":"Pol\u00edtica de Cookies"}]},{"@type":"WebSite","@id":"https:\/\/neptuniaboats.es\/#website","url":"https:\/\/neptuniaboats.es\/","name":"Neptunia Boats","description":"","publisher":{"@id":"https:\/\/neptuniaboats.es\/#organization"},"potentialAction":[{"@type":"SearchAction","target":{"@type":"EntryPoint","urlTemplate":"https:\/\/neptuniaboats.es\/?s={search_term_string}"},"query-input":{"@type":"PropertyValueSpecification","valueRequired":true,"valueName":"search_term_string"}}],"inLanguage":"en-US"},{"@type":"Organization","@id":"https:\/\/neptuniaboats.es\/#organization","name":"Neptunia Boats","url":"https:\/\/neptuniaboats.es\/","logo":{"@type":"ImageObject","inLanguage":"en-US","@id":"https:\/\/neptuniaboats.es\/#\/schema\/logo\/image\/","url":"https:\/\/neptuniaboats.es\/wp-content\/uploads\/2024\/05\/cropped-neptuniaboats-logo.png","contentUrl":"https:\/\/neptuniaboats.es\/wp-content\/uploads\/2024\/05\/cropped-neptuniaboats-logo.png","width":846,"height":669,"caption":"Neptunia Boats"},"image":{"@id":"https:\/\/neptuniaboats.es\/#\/schema\/logo\/image\/"},"sameAs":["https:\/\/www.facebook.com\/p\/Neptunia-Boats-61550022435984\/"]}]}},"_links":{"self":[{"href":"https:\/\/neptuniaboats.es\/en\/wp-json\/wp\/v2\/pages\/1801","targetHints":{"allow":["GET"]}}],"collection":[{"href":"https:\/\/neptuniaboats.es\/en\/wp-json\/wp\/v2\/pages"}],"about":[{"href":"https:\/\/neptuniaboats.es\/en\/wp-json\/wp\/v2\/types\/page"}],"author":[{"embeddable":true,"href":"https:\/\/neptuniaboats.es\/en\/wp-json\/wp\/v2\/users\/1"}],"replies":[{"embeddable":true,"href":"https:\/\/neptuniaboats.es\/en\/wp-json\/wp\/v2\/comments?post=1801"}],"version-history":[{"count":7,"href":"https:\/\/neptuniaboats.es\/en\/wp-json\/wp\/v2\/pages\/1801\/revisions"}],"predecessor-version":[{"id":2068,"href":"https:\/\/neptuniaboats.es\/en\/wp-json\/wp\/v2\/pages\/1801\/revisions\/2068"}],"wp:attachment":[{"href":"https:\/\/neptuniaboats.es\/en\/wp-json\/wp\/v2\/media?parent=1801"}],"curies":[{"name":"wp","href":"https:\/\/api.w.org\/{rel}","templated":true}]}}