{"id":1985,"date":"2024-05-19T18:15:20","date_gmt":"2024-05-19T21:15:20","guid":{"rendered":"https:\/\/neptuniaboats.es\/?page_id=1985"},"modified":"2024-07-19T11:44:08","modified_gmt":"2024-07-19T14:44:08","slug":"cursos-nauticos","status":"publish","type":"page","link":"https:\/\/neptuniaboats.es\/en\/cursos-nauticos\/","title":{"rendered":"Cursos Nauticos"},"content":{"rendered":"<div data-elementor-type=\"wp-page\" data-elementor-id=\"1985\" class=\"elementor elementor-1985\">\n\t\t\t\t<div class=\"elementor-element elementor-element-b668783 e-flex e-con-boxed e-con e-parent\" data-id=\"b668783\" data-element_type=\"container\" data-e-type=\"container\" data-settings=\"{&quot;background_background&quot;:&quot;classic&quot;}\">\n\t\t\t\t\t<div class=\"e-con-inner\">\n\t\t<div class=\"elementor-element elementor-element-00d5f70 e-flex e-con-boxed e-con e-child\" data-id=\"00d5f70\" data-element_type=\"container\" data-e-type=\"container\" data-settings=\"{&quot;background_background&quot;:&quot;classic&quot;}\">\n\t\t\t\t\t<div class=\"e-con-inner\">\n\t\t<div class=\"elementor-element elementor-element-5254c4c e-con-full e-flex e-con e-child\" data-id=\"5254c4c\" data-element_type=\"container\" data-e-type=\"container\">\n\t\t\t\t<div class=\"elementor-element elementor-element-0c0ec2b elementor-widget elementor-widget-heading\" data-id=\"0c0ec2b\" data-element_type=\"widget\" data-e-type=\"widget\" data-widget_type=\"heading.default\">\n\t\t\t\t<div class=\"elementor-widget-container\">\n\t\t\t\t\t<h1 class=\"elementor-heading-title elementor-size-default\">Nautical Courses<\/h1>\t\t\t\t<\/div>\n\t\t\t\t<\/div>\n\t\t\t\t<\/div>\n\t\t\t\t\t<\/div>\n\t\t\t\t<\/div>\n\t\t\t\t\t<\/div>\n\t\t\t\t<\/div>\n\t\t<div class=\"elementor-element elementor-element-84bd8fb e-flex e-con-boxed e-con e-parent\" data-id=\"84bd8fb\" data-element_type=\"container\" data-e-type=\"container\">\n\t\t\t\t\t<div class=\"e-con-inner\">\n\t\t\t\t<div class=\"elementor-element elementor-element-33b3ee2 elementor-widget elementor-widget-spacer\" data-id=\"33b3ee2\" data-element_type=\"widget\" data-e-type=\"widget\" data-widget_type=\"spacer.default\">\n\t\t\t\t<div class=\"elementor-widget-container\">\n\t\t\t\t\t\t\t<div class=\"elementor-spacer\">\n\t\t\t<div class=\"elementor-spacer-inner\"><\/div>\n\t\t<\/div>\n\t\t\t\t\t\t<\/div>\n\t\t\t\t<\/div>\n\t\t\t\t\t<\/div>\n\t\t\t\t<\/div>\n\t\t<div class=\"elementor-element elementor-element-6bc27bf e-flex e-con-boxed e-con e-parent\" data-id=\"6bc27bf\" data-element_type=\"container\" data-e-type=\"container\">\n\t\t\t\t\t<div class=\"e-con-inner\">\n\t\t\t\t<div class=\"elementor-element elementor-element-2b408a6 elementor-widget elementor-widget-text-editor\" data-id=\"2b408a6\" data-element_type=\"widget\" data-e-type=\"widget\" data-widget_type=\"text-editor.default\">\n\t\t\t\t<div class=\"elementor-widget-container\">\n\t\t\t\t\t\t\t\t\t<p style=\"text-align: center;\">At Neptunia Boats, we offer a range of nautical courses designed to provide our students with the skills and knowledge necessary to sail with confidence and safety. From beginners to experienced sailors, our courses are taught by highly trained instructors and cover all essential areas of sailing.<\/p><p style=\"text-align: center;\"><span style=\"color: #000000;\"><strong>Courses Offered:<\/strong><\/span><\/p><p style=\"text-align: center;\" class=\"translation-block\"><span style=\"color: #000000\"><strong>PNB License (Basic Navigation Pattern)<\/strong>:<\/span> This course is ideal for those who want to start their adventure in the world of nautical. The PNB license allows you to govern boats up to 8 meters in length and navigate up to 5 nautical miles from the coast.<\/p><p style=\"text-align: center;\"><span style=\"color: #000000;\"><strong>Bautismo de Vela<\/strong><\/span><b>:<\/b> una experiencia introductoria donde los participantes aprenden los fundamentos de la navegaci\u00f3n en velero.<\/p><p style=\"text-align: center;\"><span style=\"color: #000000;\"><strong>Course Features:<\/strong><\/span><\/p><p style=\"text-align: center;\"><span style=\"color: #000000;\"><strong>Teor\u00eda y Pr\u00e1ctica:<\/strong><\/span> El curso combina clases te\u00f3ricas sobre navegaci\u00f3n, seguridad y toda la reglamentaci\u00f3n , con pr\u00e1cticas a bordo para adquirir experiencia real.<\/p><p style=\"text-align: center;\" class=\"translation-block\"><span style=\"color: #000000\"><strong>Duration and Flexibility:<\/strong><\/span> Designed to adapt to your schedule, offering classes on weekends and evening hours.<\/p><p style=\"text-align: center;\" class=\"translation-block\"><span style=\"color: #000000\"><strong>Expert Instructors:<\/strong><\/span> Learn from professionals with extensive experience in sailing and teaching.<\/p><p style=\"text-align: center;\" class=\"translation-block\"><span style=\"color: #000000\"><strong>Didactic Material:<\/strong><\/span> Includes all the material necessary for learning, such as manuals and nautical charts.<\/p><p style=\"text-align: center;\" class=\"translation-block\"><span style=\"color: #000000\"><strong>PER (Recreational Boat Skipper) License<\/strong>:<\/span> This course is perfect for those looking to expand their nautical horizons. The PER license enables you to govern boats up to 15 meters in length and navigate up to 12 nautical miles from the coast, including navigation between islands of the Balearic and Canary archipelago.<\/p><p style=\"text-align: center;\"><span style=\"color: #000000;\"><strong>Course Features:<\/strong><\/span><\/p><p style=\"text-align: center;\"><span style=\"color: #000000;\"><strong>Programa Completo:<\/strong><\/span> Incluye m\u00f3dulos te\u00f3ricos avanzados sobre navegaci\u00f3n, meteorolog\u00eda y toda la legislaci\u00f3n , junto con pr\u00e1cticas obligatorias de navegaci\u00f3n y radiocomunicaciones.<\/p><p style=\"text-align: center;\" class=\"translation-block\"><span style=\"color: #000000\"><strong>Duration and Flexibility:<\/strong><\/span> We offer different course formats to adapt to your needs, from intensive to longer-term options.<\/p><p style=\"text-align: center;\" class=\"translation-block\"><span style=\"color: #000000\"><strong>Professional Instructors:<\/strong><\/span> Highly qualified professionals will guide you through the entire learning process.<\/p><p style=\"text-align: center;\" class=\"translation-block\"><span style=\"color: #000000\"><strong>Modern Equipment:<\/strong><\/span> Practice with the latest navigation and radio communication equipment.<\/p><p style=\"text-align: center;\"><span style=\"color: #000000;\"><strong>Benefits of Our Courses:<\/strong><\/span><\/p><p style=\"text-align: center;\" class=\"translation-block\"><span style=\"color: #000000\"><strong>Experience and Professionalism:<\/strong><\/span> Our instructors are experts in their field, providing high-quality education and sharing their vast experience.<\/p><p style=\"text-align: center;\" class=\"translation-block\"><span style=\"color: #000000\"><strong>Comprehensive Learning:<\/strong><\/span> Courses are designed to offer comprehensive learning that combines solid theory and applied practice, ensuring you feel confident and competent in water.<\/p><p style=\"text-align: center;\" class=\"translation-block\"><span style=\"color: #000000\"><strong>Official Certification:<\/strong> <\/span>By completing our courses, you will receive an official certification that enables you to navigate according to the specifications of each license.<\/p><p style=\"text-align: center;\"><span style=\"color: #000000;\"><strong>Red de Apoyo:<\/strong><\/span> \u00danete a una comunidad de entusiastas de la n\u00e1utica, con acceso a eventos, seminarios y recursos adicionales para continuar tu formaci\u00f3n y disfrute de los increibles paseos.<\/p><p style=\"text-align: center;\"><span style=\"color: #000000;\"><strong>Included in the Courses:<\/strong><\/span><\/p><p style=\"text-align: center;\">Theoretical and practical classes with certified instructors.<\/p><p style=\"text-align: center;\">Complete teaching material (manuals, nautical charts, etc.).<\/p><p style=\"text-align: center;\">Use of boats and equipment for practices.<\/p><p style=\"text-align: center;\">Theoretical and practical exams to obtain the license.<\/p><p style=\"text-align: center;\">Support and advice throughout the training process.<\/p><hr \/><p style=\"text-align: center;\">Nuestros cursos n\u00e1uticos te proporcionan las habilidades y el conocimiento necesarios para navegar con confianza y seguridad. \u00a1Inscr\u00edbete hoy y comienza tu aventura con Neptunia Boats!<\/p>\t\t\t\t\t\t\t\t<\/div>\n\t\t\t\t<\/div>\n\t\t\t\t<div class=\"elementor-element elementor-element-e909392 elementor-align-center elementor-invisible elementor-widget elementor-widget-button\" data-id=\"e909392\" data-element_type=\"widget\" data-e-type=\"widget\" data-settings=\"{&quot;_animation&quot;:&quot;fadeInDown&quot;}\" data-widget_type=\"button.default\">\n\t\t\t\t<div class=\"elementor-widget-container\">\n\t\t\t\t\t\t\t\t\t<div class=\"elementor-button-wrapper\">\n\t\t\t\t\t<a class=\"elementor-button elementor-button-link elementor-size-sm\" href=\"https:\/\/neptuniaboats.es\/en\/contacto\/\">\n\t\t\t\t\t\t<span class=\"elementor-button-content-wrapper\">\n\t\t\t\t\t\t\t\t\t<span class=\"elementor-button-text\">Sign up now<\/span>\n\t\t\t\t\t<\/span>\n\t\t\t\t\t<\/a>\n\t\t\t\t<\/div>\n\t\t\t\t\t\t\t\t<\/div>\n\t\t\t\t<\/div>\n\t\t\t\t\t<\/div>\n\t\t\t\t<\/div>\n\t\t\t\t<\/div>","protected":false},"excerpt":{"rendered":"<p>Cursos N\u00e1uticos En Neptunia Boats, ofrecemos una gama de cursos n\u00e1uticos dise\u00f1ados para proporcionar a nuestros alumnos las habilidades y el conocimiento necesarios para navegar con confianza y seguridad. Desde principiantes hasta navegantes experimentados, nuestros cursos est\u00e1n impartidos por instructores altamente capacitados y cubren todas las \u00e1reas esenciales de la navegaci\u00f3n. Cursos Ofrecidos: Licencia PNB [&hellip;]<\/p>\n","protected":false},"author":1,"featured_media":0,"parent":0,"menu_order":0,"comment_status":"closed","ping_status":"closed","template":"","meta":{"site-sidebar-layout":"no-sidebar","site-content-layout":"page-builder","ast-site-content-layout":"full-width-container","site-content-style":"default","site-sidebar-style":"default","ast-global-header-display":"","ast-banner-title-visibility":"","ast-main-header-display":"","ast-hfb-above-header-display":"","ast-hfb-below-header-display":"","ast-hfb-mobile-header-display":"","site-post-title":"disabled","ast-breadcrumbs-content":"","ast-featured-img":"disabled","footer-sml-layout":"","ast-disable-related-posts":"","theme-transparent-header-meta":"","adv-header-id-meta":"","stick-header-meta":"","header-above-stick-meta":"","header-main-stick-meta":"","header-below-stick-meta":"","astra-migrate-meta-layouts":"set","ast-page-background-enabled":"default","ast-page-background-meta":{"desktop":{"background-color":"","background-image":"","background-repeat":"repeat","background-position":"center center","background-size":"auto","background-attachment":"scroll","background-type":"","background-media":"","overlay-type":"","overlay-color":"","overlay-opacity":"","overlay-gradient":""},"tablet":{"background-color":"","background-image":"","background-repeat":"repeat","background-position":"center center","background-size":"auto","background-attachment":"scroll","background-type":"","background-media":"","overlay-type":"","overlay-color":"","overlay-opacity":"","overlay-gradient":""},"mobile":{"background-color":"","background-image":"","background-repeat":"repeat","background-position":"center center","background-size":"auto","background-attachment":"scroll","background-type":"","background-media":"","overlay-type":"","overlay-color":"","overlay-opacity":"","overlay-gradient":""}},"ast-content-background-meta":{"desktop":{"background-color":"var(--ast-global-color-5)","background-image":"","background-repeat":"repeat","background-position":"center center","background-size":"auto","background-attachment":"scroll","background-type":"","background-media":"","overlay-type":"","overlay-color":"","overlay-opacity":"","overlay-gradient":""},"tablet":{"background-color":"var(--ast-global-color-5)","background-image":"","background-repeat":"repeat","background-position":"center center","background-size":"auto","background-attachment":"scroll","background-type":"","background-media":"","overlay-type":"","overlay-color":"","overlay-opacity":"","overlay-gradient":""},"mobile":{"background-color":"var(--ast-global-color-5)","background-image":"","background-repeat":"repeat","background-position":"center center","background-size":"auto","background-attachment":"scroll","background-type":"","background-media":"","overlay-type":"","overlay-color":"","overlay-opacity":"","overlay-gradient":""}},"footnotes":""},"class_list":["post-1985","page","type-page","status-publish","hentry"],"yoast_head":"<!-- This site is optimized with the Yoast SEO Premium plugin v22.6 (Yoast SEO v27.5) - https:\/\/yoast.com\/product\/yoast-seo-premium-wordpress\/ -->\n<title>Cursos Nauticos - Neptunia Boats<\/title>\n<meta name=\"robots\" content=\"index, follow, max-snippet:-1, max-image-preview:large, max-video-preview:-1\" \/>\n<link rel=\"canonical\" href=\"https:\/\/neptuniaboats.es\/en\/cursos-nauticos\/\" \/>\n<meta property=\"og:locale\" content=\"en_US\" \/>\n<meta property=\"og:type\" content=\"article\" \/>\n<meta property=\"og:title\" content=\"Cursos Nauticos\" \/>\n<meta property=\"og:description\" content=\"Cursos N\u00e1uticos En Neptunia Boats, ofrecemos una gama de cursos n\u00e1uticos dise\u00f1ados para proporcionar a nuestros alumnos las habilidades y el conocimiento necesarios para navegar con confianza y seguridad. Desde principiantes hasta navegantes experimentados, nuestros cursos est\u00e1n impartidos por instructores altamente capacitados y cubren todas las \u00e1reas esenciales de la navegaci\u00f3n. Cursos Ofrecidos: Licencia PNB [&hellip;]\" \/>\n<meta property=\"og:url\" content=\"https:\/\/neptuniaboats.es\/en\/cursos-nauticos\/\" \/>\n<meta property=\"og:site_name\" content=\"Neptunia Boats\" \/>\n<meta property=\"article:publisher\" content=\"https:\/\/www.facebook.com\/p\/Neptunia-Boats-61550022435984\/\" \/>\n<meta property=\"article:modified_time\" content=\"2024-07-19T14:44:08+00:00\" \/>\n<meta name=\"twitter:card\" content=\"summary_large_image\" \/>\n<meta name=\"twitter:label1\" content=\"Est. reading time\" \/>\n\t<meta name=\"twitter:data1\" content=\"3 minutes\" \/>\n<script type=\"application\/ld+json\" class=\"yoast-schema-graph\">{\"@context\":\"https:\\\/\\\/schema.org\",\"@graph\":[{\"@type\":\"WebPage\",\"@id\":\"https:\\\/\\\/neptuniaboats.es\\\/cursos-nauticos\\\/\",\"url\":\"https:\\\/\\\/neptuniaboats.es\\\/cursos-nauticos\\\/\",\"name\":\"Cursos Nauticos - Neptunia Boats\",\"isPartOf\":{\"@id\":\"https:\\\/\\\/neptuniaboats.es\\\/#website\"},\"datePublished\":\"2024-05-19T21:15:20+00:00\",\"dateModified\":\"2024-07-19T14:44:08+00:00\",\"breadcrumb\":{\"@id\":\"https:\\\/\\\/neptuniaboats.es\\\/cursos-nauticos\\\/#breadcrumb\"},\"inLanguage\":\"en-US\",\"potentialAction\":[{\"@type\":\"ReadAction\",\"target\":[\"https:\\\/\\\/neptuniaboats.es\\\/cursos-nauticos\\\/\"]}]},{\"@type\":\"BreadcrumbList\",\"@id\":\"https:\\\/\\\/neptuniaboats.es\\\/cursos-nauticos\\\/#breadcrumb\",\"itemListElement\":[{\"@type\":\"ListItem\",\"position\":1,\"name\":\"Inicio\",\"item\":\"https:\\\/\\\/neptuniaboats.es\\\/\"},{\"@type\":\"ListItem\",\"position\":2,\"name\":\"Cursos Nauticos\"}]},{\"@type\":\"WebSite\",\"@id\":\"https:\\\/\\\/neptuniaboats.es\\\/#website\",\"url\":\"https:\\\/\\\/neptuniaboats.es\\\/\",\"name\":\"Neptunia Boats\",\"description\":\"\",\"publisher\":{\"@id\":\"https:\\\/\\\/neptuniaboats.es\\\/#organization\"},\"potentialAction\":[{\"@type\":\"SearchAction\",\"target\":{\"@type\":\"EntryPoint\",\"urlTemplate\":\"https:\\\/\\\/neptuniaboats.es\\\/?s={search_term_string}\"},\"query-input\":{\"@type\":\"PropertyValueSpecification\",\"valueRequired\":true,\"valueName\":\"search_term_string\"}}],\"inLanguage\":\"en-US\"},{\"@type\":\"Organization\",\"@id\":\"https:\\\/\\\/neptuniaboats.es\\\/#organization\",\"name\":\"Neptunia Boats\",\"url\":\"https:\\\/\\\/neptuniaboats.es\\\/\",\"logo\":{\"@type\":\"ImageObject\",\"inLanguage\":\"en-US\",\"@id\":\"https:\\\/\\\/neptuniaboats.es\\\/#\\\/schema\\\/logo\\\/image\\\/\",\"url\":\"https:\\\/\\\/neptuniaboats.es\\\/wp-content\\\/uploads\\\/2024\\\/05\\\/cropped-neptuniaboats-logo.png\",\"contentUrl\":\"https:\\\/\\\/neptuniaboats.es\\\/wp-content\\\/uploads\\\/2024\\\/05\\\/cropped-neptuniaboats-logo.png\",\"width\":846,\"height\":669,\"caption\":\"Neptunia Boats\"},\"image\":{\"@id\":\"https:\\\/\\\/neptuniaboats.es\\\/#\\\/schema\\\/logo\\\/image\\\/\"},\"sameAs\":[\"https:\\\/\\\/www.facebook.com\\\/p\\\/Neptunia-Boats-61550022435984\\\/\"]}]}<\/script>\n<!-- \/ Yoast SEO Premium plugin. -->","yoast_head_json":{"title":"Cursos Nauticos - Neptunia Boats","robots":{"index":"index","follow":"follow","max-snippet":"max-snippet:-1","max-image-preview":"max-image-preview:large","max-video-preview":"max-video-preview:-1"},"canonical":"https:\/\/neptuniaboats.es\/en\/cursos-nauticos\/","og_locale":"en_US","og_type":"article","og_title":"Cursos Nauticos","og_description":"Cursos N\u00e1uticos En Neptunia Boats, ofrecemos una gama de cursos n\u00e1uticos dise\u00f1ados para proporcionar a nuestros alumnos las habilidades y el conocimiento necesarios para navegar con confianza y seguridad. Desde principiantes hasta navegantes experimentados, nuestros cursos est\u00e1n impartidos por instructores altamente capacitados y cubren todas las \u00e1reas esenciales de la navegaci\u00f3n. Cursos Ofrecidos: Licencia PNB [&hellip;]","og_url":"https:\/\/neptuniaboats.es\/en\/cursos-nauticos\/","og_site_name":"Neptunia Boats","article_publisher":"https:\/\/www.facebook.com\/p\/Neptunia-Boats-61550022435984\/","article_modified_time":"2024-07-19T14:44:08+00:00","twitter_card":"summary_large_image","twitter_misc":{"Est. reading time":"3 minutes"},"schema":{"@context":"https:\/\/schema.org","@graph":[{"@type":"WebPage","@id":"https:\/\/neptuniaboats.es\/cursos-nauticos\/","url":"https:\/\/neptuniaboats.es\/cursos-nauticos\/","name":"Cursos Nauticos - Neptunia Boats","isPartOf":{"@id":"https:\/\/neptuniaboats.es\/#website"},"datePublished":"2024-05-19T21:15:20+00:00","dateModified":"2024-07-19T14:44:08+00:00","breadcrumb":{"@id":"https:\/\/neptuniaboats.es\/cursos-nauticos\/#breadcrumb"},"inLanguage":"en-US","potentialAction":[{"@type":"ReadAction","target":["https:\/\/neptuniaboats.es\/cursos-nauticos\/"]}]},{"@type":"BreadcrumbList","@id":"https:\/\/neptuniaboats.es\/cursos-nauticos\/#breadcrumb","itemListElement":[{"@type":"ListItem","position":1,"name":"Inicio","item":"https:\/\/neptuniaboats.es\/"},{"@type":"ListItem","position":2,"name":"Cursos Nauticos"}]},{"@type":"WebSite","@id":"https:\/\/neptuniaboats.es\/#website","url":"https:\/\/neptuniaboats.es\/","name":"Neptunia Boats","description":"","publisher":{"@id":"https:\/\/neptuniaboats.es\/#organization"},"potentialAction":[{"@type":"SearchAction","target":{"@type":"EntryPoint","urlTemplate":"https:\/\/neptuniaboats.es\/?s={search_term_string}"},"query-input":{"@type":"PropertyValueSpecification","valueRequired":true,"valueName":"search_term_string"}}],"inLanguage":"en-US"},{"@type":"Organization","@id":"https:\/\/neptuniaboats.es\/#organization","name":"Neptunia Boats","url":"https:\/\/neptuniaboats.es\/","logo":{"@type":"ImageObject","inLanguage":"en-US","@id":"https:\/\/neptuniaboats.es\/#\/schema\/logo\/image\/","url":"https:\/\/neptuniaboats.es\/wp-content\/uploads\/2024\/05\/cropped-neptuniaboats-logo.png","contentUrl":"https:\/\/neptuniaboats.es\/wp-content\/uploads\/2024\/05\/cropped-neptuniaboats-logo.png","width":846,"height":669,"caption":"Neptunia Boats"},"image":{"@id":"https:\/\/neptuniaboats.es\/#\/schema\/logo\/image\/"},"sameAs":["https:\/\/www.facebook.com\/p\/Neptunia-Boats-61550022435984\/"]}]}},"_links":{"self":[{"href":"https:\/\/neptuniaboats.es\/en\/wp-json\/wp\/v2\/pages\/1985","targetHints":{"allow":["GET"]}}],"collection":[{"href":"https:\/\/neptuniaboats.es\/en\/wp-json\/wp\/v2\/pages"}],"about":[{"href":"https:\/\/neptuniaboats.es\/en\/wp-json\/wp\/v2\/types\/page"}],"author":[{"embeddable":true,"href":"https:\/\/neptuniaboats.es\/en\/wp-json\/wp\/v2\/users\/1"}],"replies":[{"embeddable":true,"href":"https:\/\/neptuniaboats.es\/en\/wp-json\/wp\/v2\/comments?post=1985"}],"version-history":[{"count":19,"href":"https:\/\/neptuniaboats.es\/en\/wp-json\/wp\/v2\/pages\/1985\/revisions"}],"predecessor-version":[{"id":2285,"href":"https:\/\/neptuniaboats.es\/en\/wp-json\/wp\/v2\/pages\/1985\/revisions\/2285"}],"wp:attachment":[{"href":"https:\/\/neptuniaboats.es\/en\/wp-json\/wp\/v2\/media?parent=1985"}],"curies":[{"name":"wp","href":"https:\/\/api.w.org\/{rel}","templated":true}]}}